{"id":20,"date":"2025-01-20T10:36:54","date_gmt":"2025-01-20T09:36:54","guid":{"rendered":"https:\/\/www.milansladekmimefest.eu\/sk\/?page_id=20"},"modified":"2025-03-01T13:05:06","modified_gmt":"2025-03-01T12:05:06","slug":"contacts-artistic-director-and-project-manager","status":"publish","type":"page","link":"https:\/\/www.milansladekmimefest.eu\/sk\/contacts-artistic-director-and-project-manager\/","title":{"rendered":"Kontakt"},"content":{"rendered":"\n<p>Adam Hala\u0161<br>Umeleck\u00fd riadite\u013e<br><a href=\"mailto:adam@www.milansladekmimefest.eu\" target=\"_blank\" rel=\"noreferrer noopener\">adam@www.milansladekmimefest.eu<\/a><\/p>\n\n\n\n<p><\/p>\n\n\n\n<p>Petra Pobe\u017ealov\u00e1<br>Projektov\u00fd mana\u017e\u00e9r<br><a href=\"mailto:petra@www.milansladekmimefest.eu\" target=\"_blank\" rel=\"noreferrer noopener\">petra@www.milansladekmimefest.eu<\/a><\/p>\n\n\n\n<p><\/p>\n","protected":false},"excerpt":{"rendered":"<p>Adam Hala\u0161Umeleck\u00fd riadite\u013eadam@www.milansladekmimefest.eu Petra Pobe\u017ealov\u00e1Projektov\u00fd mana\u017e\u00e9rpetra@www.milansladekmimefest.eu<\/p>\n","protected":false},"author":1,"featured_media":0,"parent":0,"menu_order":0,"comment_status":"closed","ping_status":"closed","template":"","meta":{"_acf_changed":false,"_monsterinsights_skip_tracking":false,"_monsterinsights_sitenote_active":false,"_monsterinsights_sitenote_note":"","_monsterinsights_sitenote_category":0,"_uf_show_specific_survey":0,"_uf_disable_surveys":false,"two_page_speed":[],"footnotes":""},"class_list":["post-20","page","type-page","status-publish","hentry"],"acf":[],"yoast_head":"<!-- This site is optimized with the Yoast SEO plugin v24.2 - https:\/\/yoast.com\/wordpress\/plugins\/seo\/ -->\n<title>Kontakt - milansladekmimefest.eu<\/title>\n<meta name=\"description\" content=\"Contacts: Artistic director and Project manager\" \/>\n<meta name=\"robots\" content=\"index, follow, max-snippet:-1, max-image-preview:large, max-video-preview:-1\" \/>\n<link rel=\"canonical\" href=\"https:\/\/www.milansladekmimefest.eu\/sk\/contacts-artistic-director-and-project-manager\/\" \/>\n<meta property=\"og:locale\" content=\"sk_SK\" \/>\n<meta property=\"og:type\" content=\"article\" \/>\n<meta property=\"og:title\" content=\"Kontakt - milansladekmimefest.eu\" \/>\n<meta property=\"og:description\" content=\"Contacts: Artistic director and Project manager\" \/>\n<meta property=\"og:url\" content=\"https:\/\/www.milansladekmimefest.eu\/sk\/contacts-artistic-director-and-project-manager\/\" \/>\n<meta property=\"og:site_name\" content=\"milansladekmimefest.eu\" \/>\n<meta property=\"article:modified_time\" content=\"2025-03-01T12:05:06+00:00\" \/>\n<meta name=\"twitter:card\" content=\"summary_large_image\" \/>\n<meta name=\"twitter:label1\" content=\"Predpokladan\u00fd \u010das \u010d\u00edtania\" \/>\n\t<meta name=\"twitter:data1\" content=\"1 min\u00fata\" \/>\n<script type=\"application\/ld+json\" class=\"yoast-schema-graph\">{\"@context\":\"https:\/\/schema.org\",\"@graph\":[{\"@type\":\"WebPage\",\"@id\":\"https:\/\/www.milansladekmimefest.eu\/sk\/contacts-artistic-director-and-project-manager\/\",\"url\":\"https:\/\/www.milansladekmimefest.eu\/sk\/contacts-artistic-director-and-project-manager\/\",\"name\":\"Kontakt - milansladekmimefest.eu\",\"isPartOf\":{\"@id\":\"https:\/\/www.milansladekmimefest.eu\/sk\/#website\"},\"datePublished\":\"2025-01-20T09:36:54+00:00\",\"dateModified\":\"2025-03-01T12:05:06+00:00\",\"description\":\"Contacts: Artistic director and Project manager\",\"breadcrumb\":{\"@id\":\"https:\/\/www.milansladekmimefest.eu\/sk\/contacts-artistic-director-and-project-manager\/#breadcrumb\"},\"inLanguage\":\"sk-SK\",\"potentialAction\":[{\"@type\":\"ReadAction\",\"target\":[\"https:\/\/www.milansladekmimefest.eu\/sk\/contacts-artistic-director-and-project-manager\/\"]}]},{\"@type\":\"BreadcrumbList\",\"@id\":\"https:\/\/www.milansladekmimefest.eu\/sk\/contacts-artistic-director-and-project-manager\/#breadcrumb\",\"itemListElement\":[{\"@type\":\"ListItem\",\"position\":1,\"name\":\"Home\",\"item\":\"https:\/\/www.milansladekmimefest.eu\/sk\/\"},{\"@type\":\"ListItem\",\"position\":2,\"name\":\"Kontakt\"}]},{\"@type\":\"WebSite\",\"@id\":\"https:\/\/www.milansladekmimefest.eu\/sk\/#website\",\"url\":\"https:\/\/www.milansladekmimefest.eu\/sk\/\",\"name\":\"milansladekmimefest.eu\",\"description\":\"\",\"potentialAction\":[{\"@type\":\"SearchAction\",\"target\":{\"@type\":\"EntryPoint\",\"urlTemplate\":\"https:\/\/www.milansladekmimefest.eu\/sk\/?s={search_term_string}\"},\"query-input\":{\"@type\":\"PropertyValueSpecification\",\"valueRequired\":true,\"valueName\":\"search_term_string\"}}],\"inLanguage\":\"sk-SK\"}]}<\/script>\n<!-- \/ Yoast SEO plugin. -->","yoast_head_json":{"title":"Kontakt - milansladekmimefest.eu","description":"Contacts: Artistic director and Project manager","robots":{"index":"index","follow":"follow","max-snippet":"max-snippet:-1","max-image-preview":"max-image-preview:large","max-video-preview":"max-video-preview:-1"},"canonical":"https:\/\/www.milansladekmimefest.eu\/sk\/contacts-artistic-director-and-project-manager\/","og_locale":"sk_SK","og_type":"article","og_title":"Kontakt - milansladekmimefest.eu","og_description":"Contacts: Artistic director and Project manager","og_url":"https:\/\/www.milansladekmimefest.eu\/sk\/contacts-artistic-director-and-project-manager\/","og_site_name":"milansladekmimefest.eu","article_modified_time":"2025-03-01T12:05:06+00:00","twitter_card":"summary_large_image","twitter_misc":{"Predpokladan\u00fd \u010das \u010d\u00edtania":"1 min\u00fata"},"schema":{"@context":"https:\/\/schema.org","@graph":[{"@type":"WebPage","@id":"https:\/\/www.milansladekmimefest.eu\/sk\/contacts-artistic-director-and-project-manager\/","url":"https:\/\/www.milansladekmimefest.eu\/sk\/contacts-artistic-director-and-project-manager\/","name":"Kontakt - milansladekmimefest.eu","isPartOf":{"@id":"https:\/\/www.milansladekmimefest.eu\/sk\/#website"},"datePublished":"2025-01-20T09:36:54+00:00","dateModified":"2025-03-01T12:05:06+00:00","description":"Contacts: Artistic director and Project manager","breadcrumb":{"@id":"https:\/\/www.milansladekmimefest.eu\/sk\/contacts-artistic-director-and-project-manager\/#breadcrumb"},"inLanguage":"sk-SK","potentialAction":[{"@type":"ReadAction","target":["https:\/\/www.milansladekmimefest.eu\/sk\/contacts-artistic-director-and-project-manager\/"]}]},{"@type":"BreadcrumbList","@id":"https:\/\/www.milansladekmimefest.eu\/sk\/contacts-artistic-director-and-project-manager\/#breadcrumb","itemListElement":[{"@type":"ListItem","position":1,"name":"Home","item":"https:\/\/www.milansladekmimefest.eu\/sk\/"},{"@type":"ListItem","position":2,"name":"Kontakt"}]},{"@type":"WebSite","@id":"https:\/\/www.milansladekmimefest.eu\/sk\/#website","url":"https:\/\/www.milansladekmimefest.eu\/sk\/","name":"milansladekmimefest.eu","description":"","potentialAction":[{"@type":"SearchAction","target":{"@type":"EntryPoint","urlTemplate":"https:\/\/www.milansladekmimefest.eu\/sk\/?s={search_term_string}"},"query-input":{"@type":"PropertyValueSpecification","valueRequired":true,"valueName":"search_term_string"}}],"inLanguage":"sk-SK"}]}},"_links":{"self":[{"href":"https:\/\/www.milansladekmimefest.eu\/sk\/wp-json\/wp\/v2\/pages\/20","targetHints":{"allow":["GET"]}}],"collection":[{"href":"https:\/\/www.milansladekmimefest.eu\/sk\/wp-json\/wp\/v2\/pages"}],"about":[{"href":"https:\/\/www.milansladekmimefest.eu\/sk\/wp-json\/wp\/v2\/types\/page"}],"author":[{"embeddable":true,"href":"https:\/\/www.milansladekmimefest.eu\/sk\/wp-json\/wp\/v2\/users\/1"}],"replies":[{"embeddable":true,"href":"https:\/\/www.milansladekmimefest.eu\/sk\/wp-json\/wp\/v2\/comments?post=20"}],"version-history":[{"count":6,"href":"https:\/\/www.milansladekmimefest.eu\/sk\/wp-json\/wp\/v2\/pages\/20\/revisions"}],"predecessor-version":[{"id":777,"href":"https:\/\/www.milansladekmimefest.eu\/sk\/wp-json\/wp\/v2\/pages\/20\/revisions\/777"}],"wp:attachment":[{"href":"https:\/\/www.milansladekmimefest.eu\/sk\/wp-json\/wp\/v2\/media?parent=20"}],"curies":[{"name":"wp","href":"https:\/\/api.w.org\/{rel}","templated":true}]}}