{"id":24,"date":"2025-01-20T10:38:09","date_gmt":"2025-01-20T09:38:09","guid":{"rendered":"https:\/\/www.milansladekmimefest.eu\/sk\/?page_id=24"},"modified":"2025-05-08T22:05:01","modified_gmt":"2025-05-08T20:05:01","slug":"tickets","status":"publish","type":"page","link":"https:\/\/www.milansladekmimefest.eu\/sk\/practical-info\/tickets\/","title":{"rendered":"Vstupenky"},"content":{"rendered":"\n<p>Permanentka + workshop 70\u20ac (56\u20ac \u0161tudenti od 10 do 26\/ISIC, Z\u0164P a d\u00f4chodcov 60+)<br>Permanentka BEZ workshopu 56\u20ac (42\u20ac \u0161tudenti od 10 do 26\/ISIC, Z\u0164P a d\u00f4chodcov 60+)<br>VIP permanentka 100\u20ac (85\u20ac \u0161tudenti od 10 do 26\/ISIC, Z\u0164P a d\u00f4chodcov 60+) <br> Vstupenka zah\u0155\u0148a:<br> &#8211; vstup na v\u0161etky dni a miesta<br> &#8211; workshop<br> &#8211; vstup do meeting pointu spolu s hercami<br> &#8211; rezervovan\u00e9 lep\u0161ie miesta<\/p>\n\n\n\n<p><strong>Permanentky a vstupenky na jednotliv\u00e9 predstavenia: <\/strong><a href=\"https:\/\/goout.net\/sk\/european-mime-fest-2025\/szqvcsx\/\">https:\/\/goout.net\/sk\/european-mime-fest-2025\/szqvcsx\/<\/a><\/p>\n\n\n\n<p><\/p>\n","protected":false},"excerpt":{"rendered":"<p>Permanentka + workshop 70\u20ac (56\u20ac \u0161tudenti od 10 do 26\/ISIC, Z\u0164P a d\u00f4chodcov 60+)Permanentka BEZ workshopu 56\u20ac (42\u20ac \u0161tudenti od 10 do<\/p>\n","protected":false},"author":1,"featured_media":0,"parent":22,"menu_order":0,"comment_status":"closed","ping_status":"closed","template":"","meta":{"_acf_changed":false,"_monsterinsights_skip_tracking":false,"_monsterinsights_sitenote_active":false,"_monsterinsights_sitenote_note":"","_monsterinsights_sitenote_category":0,"_uf_show_specific_survey":0,"_uf_disable_surveys":false,"two_page_speed":[],"footnotes":""},"class_list":["post-24","page","type-page","status-publish","hentry"],"acf":[],"yoast_head":"<!-- This site is optimized with the Yoast SEO plugin v24.2 - https:\/\/yoast.com\/wordpress\/plugins\/seo\/ -->\n<title>Vstupenky - milansladekmimefest.eu<\/title>\n<meta name=\"robots\" content=\"index, follow, max-snippet:-1, max-image-preview:large, max-video-preview:-1\" \/>\n<link rel=\"canonical\" href=\"https:\/\/www.milansladekmimefest.eu\/sk\/practical-info\/tickets\/\" \/>\n<meta property=\"og:locale\" content=\"sk_SK\" \/>\n<meta property=\"og:type\" content=\"article\" \/>\n<meta property=\"og:title\" content=\"Vstupenky - milansladekmimefest.eu\" \/>\n<meta property=\"og:description\" content=\"Permanentka + workshop 70\u20ac (56\u20ac \u0161tudenti od 10 do 26\/ISIC, Z\u0164P a d\u00f4chodcov 60+)Permanentka BEZ workshopu 56\u20ac (42\u20ac \u0161tudenti od 10 do\" \/>\n<meta property=\"og:url\" content=\"https:\/\/www.milansladekmimefest.eu\/sk\/practical-info\/tickets\/\" \/>\n<meta property=\"og:site_name\" content=\"milansladekmimefest.eu\" \/>\n<meta property=\"article:modified_time\" content=\"2025-05-08T20:05:01+00:00\" \/>\n<meta name=\"twitter:card\" content=\"summary_large_image\" \/>\n<meta name=\"twitter:label1\" content=\"Predpokladan\u00fd \u010das \u010d\u00edtania\" \/>\n\t<meta name=\"twitter:data1\" content=\"1 min\u00fata\" \/>\n<script type=\"application\/ld+json\" class=\"yoast-schema-graph\">{\"@context\":\"https:\/\/schema.org\",\"@graph\":[{\"@type\":\"WebPage\",\"@id\":\"https:\/\/www.milansladekmimefest.eu\/sk\/practical-info\/tickets\/\",\"url\":\"https:\/\/www.milansladekmimefest.eu\/sk\/practical-info\/tickets\/\",\"name\":\"Vstupenky - milansladekmimefest.eu\",\"isPartOf\":{\"@id\":\"https:\/\/www.milansladekmimefest.eu\/sk\/#website\"},\"datePublished\":\"2025-01-20T09:38:09+00:00\",\"dateModified\":\"2025-05-08T20:05:01+00:00\",\"breadcrumb\":{\"@id\":\"https:\/\/www.milansladekmimefest.eu\/sk\/practical-info\/tickets\/#breadcrumb\"},\"inLanguage\":\"sk-SK\",\"potentialAction\":[{\"@type\":\"ReadAction\",\"target\":[\"https:\/\/www.milansladekmimefest.eu\/sk\/practical-info\/tickets\/\"]}]},{\"@type\":\"BreadcrumbList\",\"@id\":\"https:\/\/www.milansladekmimefest.eu\/sk\/practical-info\/tickets\/#breadcrumb\",\"itemListElement\":[{\"@type\":\"ListItem\",\"position\":1,\"name\":\"Home\",\"item\":\"https:\/\/www.milansladekmimefest.eu\/sk\/\"},{\"@type\":\"ListItem\",\"position\":2,\"name\":\"Practick\u00e9 inform\u00e1cie\",\"item\":\"https:\/\/www.milansladekmimefest.eu\/sk\/practical-info\/\"},{\"@type\":\"ListItem\",\"position\":3,\"name\":\"Vstupenky\"}]},{\"@type\":\"WebSite\",\"@id\":\"https:\/\/www.milansladekmimefest.eu\/sk\/#website\",\"url\":\"https:\/\/www.milansladekmimefest.eu\/sk\/\",\"name\":\"milansladekmimefest.eu\",\"description\":\"\",\"potentialAction\":[{\"@type\":\"SearchAction\",\"target\":{\"@type\":\"EntryPoint\",\"urlTemplate\":\"https:\/\/www.milansladekmimefest.eu\/sk\/?s={search_term_string}\"},\"query-input\":{\"@type\":\"PropertyValueSpecification\",\"valueRequired\":true,\"valueName\":\"search_term_string\"}}],\"inLanguage\":\"sk-SK\"}]}<\/script>\n<!-- \/ Yoast SEO plugin. -->","yoast_head_json":{"title":"Vstupenky - milansladekmimefest.eu","robots":{"index":"index","follow":"follow","max-snippet":"max-snippet:-1","max-image-preview":"max-image-preview:large","max-video-preview":"max-video-preview:-1"},"canonical":"https:\/\/www.milansladekmimefest.eu\/sk\/practical-info\/tickets\/","og_locale":"sk_SK","og_type":"article","og_title":"Vstupenky - milansladekmimefest.eu","og_description":"Permanentka + workshop 70\u20ac (56\u20ac \u0161tudenti od 10 do 26\/ISIC, Z\u0164P a d\u00f4chodcov 60+)Permanentka BEZ workshopu 56\u20ac (42\u20ac \u0161tudenti od 10 do","og_url":"https:\/\/www.milansladekmimefest.eu\/sk\/practical-info\/tickets\/","og_site_name":"milansladekmimefest.eu","article_modified_time":"2025-05-08T20:05:01+00:00","twitter_card":"summary_large_image","twitter_misc":{"Predpokladan\u00fd \u010das \u010d\u00edtania":"1 min\u00fata"},"schema":{"@context":"https:\/\/schema.org","@graph":[{"@type":"WebPage","@id":"https:\/\/www.milansladekmimefest.eu\/sk\/practical-info\/tickets\/","url":"https:\/\/www.milansladekmimefest.eu\/sk\/practical-info\/tickets\/","name":"Vstupenky - milansladekmimefest.eu","isPartOf":{"@id":"https:\/\/www.milansladekmimefest.eu\/sk\/#website"},"datePublished":"2025-01-20T09:38:09+00:00","dateModified":"2025-05-08T20:05:01+00:00","breadcrumb":{"@id":"https:\/\/www.milansladekmimefest.eu\/sk\/practical-info\/tickets\/#breadcrumb"},"inLanguage":"sk-SK","potentialAction":[{"@type":"ReadAction","target":["https:\/\/www.milansladekmimefest.eu\/sk\/practical-info\/tickets\/"]}]},{"@type":"BreadcrumbList","@id":"https:\/\/www.milansladekmimefest.eu\/sk\/practical-info\/tickets\/#breadcrumb","itemListElement":[{"@type":"ListItem","position":1,"name":"Home","item":"https:\/\/www.milansladekmimefest.eu\/sk\/"},{"@type":"ListItem","position":2,"name":"Practick\u00e9 inform\u00e1cie","item":"https:\/\/www.milansladekmimefest.eu\/sk\/practical-info\/"},{"@type":"ListItem","position":3,"name":"Vstupenky"}]},{"@type":"WebSite","@id":"https:\/\/www.milansladekmimefest.eu\/sk\/#website","url":"https:\/\/www.milansladekmimefest.eu\/sk\/","name":"milansladekmimefest.eu","description":"","potentialAction":[{"@type":"SearchAction","target":{"@type":"EntryPoint","urlTemplate":"https:\/\/www.milansladekmimefest.eu\/sk\/?s={search_term_string}"},"query-input":{"@type":"PropertyValueSpecification","valueRequired":true,"valueName":"search_term_string"}}],"inLanguage":"sk-SK"}]}},"_links":{"self":[{"href":"https:\/\/www.milansladekmimefest.eu\/sk\/wp-json\/wp\/v2\/pages\/24","targetHints":{"allow":["GET"]}}],"collection":[{"href":"https:\/\/www.milansladekmimefest.eu\/sk\/wp-json\/wp\/v2\/pages"}],"about":[{"href":"https:\/\/www.milansladekmimefest.eu\/sk\/wp-json\/wp\/v2\/types\/page"}],"author":[{"embeddable":true,"href":"https:\/\/www.milansladekmimefest.eu\/sk\/wp-json\/wp\/v2\/users\/1"}],"replies":[{"embeddable":true,"href":"https:\/\/www.milansladekmimefest.eu\/sk\/wp-json\/wp\/v2\/comments?post=24"}],"version-history":[{"count":4,"href":"https:\/\/www.milansladekmimefest.eu\/sk\/wp-json\/wp\/v2\/pages\/24\/revisions"}],"predecessor-version":[{"id":1085,"href":"https:\/\/www.milansladekmimefest.eu\/sk\/wp-json\/wp\/v2\/pages\/24\/revisions\/1085"}],"up":[{"embeddable":true,"href":"https:\/\/www.milansladekmimefest.eu\/sk\/wp-json\/wp\/v2\/pages\/22"}],"wp:attachment":[{"href":"https:\/\/www.milansladekmimefest.eu\/sk\/wp-json\/wp\/v2\/media?parent=24"}],"curies":[{"name":"wp","href":"https:\/\/api.w.org\/{rel}","templated":true}]}}