{"id":30,"date":"2025-01-20T10:42:06","date_gmt":"2025-01-20T09:42:06","guid":{"rendered":"https:\/\/www.milansladekmimefest.eu\/sk\/?page_id=30"},"modified":"2025-05-25T12:22:20","modified_gmt":"2025-05-25T10:22:20","slug":"accomodation","status":"publish","type":"page","link":"https:\/\/www.milansladekmimefest.eu\/sk\/practical-info\/accomodation\/","title":{"rendered":"Ubytovanie"},"content":{"rendered":"\n<p class=\"has-white-color has-text-color has-link-color has-large-font-size wp-elements-edaa5fa764d45e02b4fa80913901172c\"><strong>P\u00fachov<\/strong><\/p>\n\n\n\n<h3 class=\"wp-block-heading\">1. <strong>Penzi\u00f3n City<\/strong><\/h3>\n\n\n\n<ul class=\"wp-block-list\">\n<li><em>Adresa:<\/em> Centrum mesta P\u00fachov<\/li>\n\n\n\n<li><em>Popis:<\/em> Komfortn\u00e9 ubytovanie priamo v centre mesta, v bl\u00edzkosti divadla a pe\u0161ej z\u00f3ny. Izby s\u00fa vybaven\u00e9 smart TV, minibarom a bezplatn\u00fdm Wi-Fi.<\/li>\n\n\n\n<li> <a class=\"\" href=\"https:\/\/pensioncity.sk\/\">Webov\u00e1 str\u00e1nka<\/a><\/li>\n<\/ul>\n\n\n\n<h3 class=\"wp-block-heading\">2. <strong>Penzi\u00f3n SISI<\/strong><\/h3>\n\n\n\n<ul class=\"wp-block-list\">\n<li> <em>Adresa:<\/em> Okraj mesta P\u00fachov<\/li>\n\n\n\n<li> <em>Popis:<\/em> Pr\u00edjemn\u00e9 a modern\u00e9 ubytovanie v tichej lokalite. Ide\u00e1lne pre kr\u00e1tkodob\u00e9 aj dlhodob\u00e9 pobyty. Pon\u00faka \u0161tandardn\u00e9 izby aj apartm\u00e1ny.<\/li>\n\n\n\n<li> <a class=\"\" href=\"https:\/\/www.penzionsisi.sk\/sk\/\">Webov\u00e1 str\u00e1nka<\/a><\/li>\n<\/ul>\n\n\n\n<h3 class=\"wp-block-heading\">3. <strong>Aqua sport<\/strong><\/h3>\n\n\n\n<ul class=\"wp-block-list\">\n<li><em>Adresa:<\/em> P\u00fachov (0,6km od centra)<\/li>\n\n\n\n<li><em>Popis:<\/em> Nov\u00e9 modern\u00e9 ubytovanie, Vhodn\u00e9 pre firmy a turistov. Izby s\u00fa vybaven\u00e9 Wi-Fi, chladni\u010dkou a TV.<\/li>\n\n\n\n<li> <a href=\"https:\/\/www.sportaqua.sk\/\">Webov\u00e1 str\u00e1nka<\/a><\/li>\n<\/ul>\n\n\n\n<hr class=\"wp-block-separator has-alpha-channel-opacity\"\/>\n\n\n\n<h2 class=\"wp-block-heading\"><strong>Pova\u017esk\u00e1 Bystrica<\/strong><\/h2>\n\n\n\n<h3 class=\"wp-block-heading\">1. <strong>Hotel Gino Park Palace<\/strong><\/h3>\n\n\n\n<ul class=\"wp-block-list\">\n<li><em>Adresa:<\/em> Pova\u017esk\u00e1 Bystrica (4km od centra)<\/li>\n\n\n\n<li><em>Popis:<\/em> Luxusn\u00e9 ubytovanie v historickom ka\u0161tieli s wellness centrom a re\u0161taur\u00e1ciou. Vhodn\u00e9 pre n\u00e1ro\u010dn\u00fdch host\u00ed h\u013eadaj\u00facich komfort a \u0161t\u00fdl.<\/li>\n\n\n\n<li> <a href=\"https:\/\/parkpalace.sk\/\">Webov\u00e1 str\u00e1nka<\/a><\/li>\n<\/ul>\n\n\n\n<h3 class=\"wp-block-heading\">2. <strong>Hotel <\/strong>Garni<\/h3>\n\n\n\n<ul class=\"wp-block-list\">\n<li><em>Adresa:<\/em> Pova\u017esk\u00e1 Bystrica (1km od centra)<\/li>\n\n\n\n<li><em>Popis:<\/em> Komfortn\u00fd hotel, pon\u00fakaj\u00faci modern\u00e9 izby a kvalitn\u00e9 slu\u017eby. Ide\u00e1lny pre rodiny aj obchodn\u00fdch cestuj\u00facich.<\/li>\n\n\n\n<li><a href=\"https:\/\/www.hotelgarni.sk\/\">Webov\u00e1 str\u00e1nka<\/a><\/li>\n<\/ul>\n\n\n\n<h3 class=\"wp-block-heading\">3. <strong>Penzi\u00f3n Terno<\/strong><\/h3>\n\n\n\n<ul class=\"wp-block-list\">\n<li><em>Adresa:<\/em> M.R. \u0160tef\u00e1nika 144, Pova\u017esk\u00e1 Bystrica<\/li>\n\n\n\n<li><em>Popis:<\/em> Modern\u00fd penzi\u00f3n s rodinn\u00fdm duchom, bl\u00edzko centra mesta. Pon\u00faka ubytovanie aj stravovanie, vhodn\u00fd pre r\u00f4zne spolo\u010densk\u00e9 udalosti.<\/li>\n\n\n\n<li><a class=\"\" href=\"https:\/\/www.penzionterno.sk\/\">Webov\u00e1 str\u00e1nka<\/a><\/li>\n<\/ul>\n\n\n\n<hr class=\"wp-block-separator has-alpha-channel-opacity\"\/>\n\n\n\n<h2 class=\"wp-block-heading\"><strong>Tren\u010d\u00edn <\/strong><\/h2>\n\n\n\n<h3 class=\"wp-block-heading\">1. <strong>Hotel Elizabeth<\/strong><\/h3>\n\n\n\n<ul class=\"wp-block-list\">\n<li><em>Adresa:<\/em> Tren\u010d\u00edn<\/li>\n\n\n\n<li><em>Popis:<\/em> Historick\u00fd hotel priamo pod Tren\u010dianskym hradom. Pon\u00faka luxusn\u00e9 ubytovanie s v\u00fdh\u013eadom na hrad a kvalitn\u00e9 slu\u017eby.<\/li>\n\n\n\n<li> <a class=\"\" href=\"https:\/\/trencintravel.sk\/katalog\/hotel-elizabeth\/\">Webov\u00e1 str\u00e1nka<\/a><\/li>\n<\/ul>\n\n\n\n<h3 class=\"wp-block-heading\">2. <strong>Penzi\u00f3n Panor\u00e1ma<\/strong><\/h3>\n\n\n\n<ul class=\"wp-block-list\">\n<li><em>Adresa:<\/em> Tren\u010d\u00edn<\/li>\n\n\n\n<li><em>Popis:<\/em> Penzi\u00f3n s v\u00fdh\u013eadom na mesto, pon\u00fakaj\u00faci pohodln\u00e9 izby a pr\u00edjemn\u00fa atmosf\u00e9ru. Vhodn\u00fd pre p\u00e1ry aj rodiny.<\/li>\n\n\n\n<li><a class=\"\" href=\"https:\/\/penzionpanorama.com\/\">Webov\u00e1 str\u00e1nka<\/a><\/li>\n<\/ul>\n\n\n\n<h3 class=\"wp-block-heading has-white-color has-text-color has-link-color has-large-font-size wp-elements-7e9972785ad83c232384365bf8ef893f\">3. <strong>Penzi\u00f3n Royal<\/strong><\/h3>\n\n\n\n<p><em>Adresa:<\/em> Tren\u010d\u00edn<br><em>Popis:<\/em> Modern\u00fd penzi\u00f3n s v\u00fdbornou polohou a kvalitn\u00fdmi slu\u017ebami. Pon\u00faka ubytovanie v priestrann\u00fdch izb\u00e1ch s modern\u00fdm vybaven\u00edm.<br> <a class=\"\" href=\"https:\/\/www.trencinregion.sk\/79885\/penzion-royal\">Webov\u00e1 str\u00e1nka<\/a><\/p>\n\n\n\n<p><\/p>\n","protected":false},"excerpt":{"rendered":"<p>P\u00fachov 1. Penzi\u00f3n City 2. Penzi\u00f3n SISI 3. Aqua sport Pova\u017esk\u00e1 Bystrica 1. Hotel Gino Park Palace 2. Hotel Garni 3. Penzi\u00f3n<\/p>\n","protected":false},"author":1,"featured_media":0,"parent":22,"menu_order":0,"comment_status":"closed","ping_status":"closed","template":"","meta":{"_acf_changed":false,"_monsterinsights_skip_tracking":false,"_monsterinsights_sitenote_active":false,"_monsterinsights_sitenote_note":"","_monsterinsights_sitenote_category":0,"_uf_show_specific_survey":0,"_uf_disable_surveys":false,"two_page_speed":[],"footnotes":""},"class_list":["post-30","page","type-page","status-publish","hentry"],"acf":[],"yoast_head":"<!-- This site is optimized with the Yoast SEO plugin v24.2 - https:\/\/yoast.com\/wordpress\/plugins\/seo\/ -->\n<title>Ubytovanie - milansladekmimefest.eu<\/title>\n<meta name=\"robots\" content=\"index, follow, max-snippet:-1, max-image-preview:large, max-video-preview:-1\" \/>\n<link rel=\"canonical\" href=\"https:\/\/www.milansladekmimefest.eu\/sk\/practical-info\/accomodation\/\" \/>\n<meta property=\"og:locale\" content=\"sk_SK\" \/>\n<meta property=\"og:type\" content=\"article\" \/>\n<meta property=\"og:title\" content=\"Ubytovanie - milansladekmimefest.eu\" \/>\n<meta property=\"og:description\" content=\"P\u00fachov 1. Penzi\u00f3n City 2. Penzi\u00f3n SISI 3. Aqua sport Pova\u017esk\u00e1 Bystrica 1. Hotel Gino Park Palace 2. Hotel Garni 3. Penzi\u00f3n\" \/>\n<meta property=\"og:url\" content=\"https:\/\/www.milansladekmimefest.eu\/sk\/practical-info\/accomodation\/\" \/>\n<meta property=\"og:site_name\" content=\"milansladekmimefest.eu\" \/>\n<meta property=\"article:modified_time\" content=\"2025-05-25T10:22:20+00:00\" \/>\n<meta name=\"twitter:card\" content=\"summary_large_image\" \/>\n<meta name=\"twitter:label1\" content=\"Predpokladan\u00fd \u010das \u010d\u00edtania\" \/>\n\t<meta name=\"twitter:data1\" content=\"2 min\u00faty\" \/>\n<script type=\"application\/ld+json\" class=\"yoast-schema-graph\">{\"@context\":\"https:\/\/schema.org\",\"@graph\":[{\"@type\":\"WebPage\",\"@id\":\"https:\/\/www.milansladekmimefest.eu\/sk\/practical-info\/accomodation\/\",\"url\":\"https:\/\/www.milansladekmimefest.eu\/sk\/practical-info\/accomodation\/\",\"name\":\"Ubytovanie - milansladekmimefest.eu\",\"isPartOf\":{\"@id\":\"https:\/\/www.milansladekmimefest.eu\/sk\/#website\"},\"datePublished\":\"2025-01-20T09:42:06+00:00\",\"dateModified\":\"2025-05-25T10:22:20+00:00\",\"breadcrumb\":{\"@id\":\"https:\/\/www.milansladekmimefest.eu\/sk\/practical-info\/accomodation\/#breadcrumb\"},\"inLanguage\":\"sk-SK\",\"potentialAction\":[{\"@type\":\"ReadAction\",\"target\":[\"https:\/\/www.milansladekmimefest.eu\/sk\/practical-info\/accomodation\/\"]}]},{\"@type\":\"BreadcrumbList\",\"@id\":\"https:\/\/www.milansladekmimefest.eu\/sk\/practical-info\/accomodation\/#breadcrumb\",\"itemListElement\":[{\"@type\":\"ListItem\",\"position\":1,\"name\":\"Home\",\"item\":\"https:\/\/www.milansladekmimefest.eu\/sk\/\"},{\"@type\":\"ListItem\",\"position\":2,\"name\":\"Practick\u00e9 inform\u00e1cie\",\"item\":\"https:\/\/www.milansladekmimefest.eu\/sk\/practical-info\/\"},{\"@type\":\"ListItem\",\"position\":3,\"name\":\"Ubytovanie\"}]},{\"@type\":\"WebSite\",\"@id\":\"https:\/\/www.milansladekmimefest.eu\/sk\/#website\",\"url\":\"https:\/\/www.milansladekmimefest.eu\/sk\/\",\"name\":\"milansladekmimefest.eu\",\"description\":\"\",\"potentialAction\":[{\"@type\":\"SearchAction\",\"target\":{\"@type\":\"EntryPoint\",\"urlTemplate\":\"https:\/\/www.milansladekmimefest.eu\/sk\/?s={search_term_string}\"},\"query-input\":{\"@type\":\"PropertyValueSpecification\",\"valueRequired\":true,\"valueName\":\"search_term_string\"}}],\"inLanguage\":\"sk-SK\"}]}<\/script>\n<!-- \/ Yoast SEO plugin. -->","yoast_head_json":{"title":"Ubytovanie - milansladekmimefest.eu","robots":{"index":"index","follow":"follow","max-snippet":"max-snippet:-1","max-image-preview":"max-image-preview:large","max-video-preview":"max-video-preview:-1"},"canonical":"https:\/\/www.milansladekmimefest.eu\/sk\/practical-info\/accomodation\/","og_locale":"sk_SK","og_type":"article","og_title":"Ubytovanie - milansladekmimefest.eu","og_description":"P\u00fachov 1. Penzi\u00f3n City 2. Penzi\u00f3n SISI 3. Aqua sport Pova\u017esk\u00e1 Bystrica 1. Hotel Gino Park Palace 2. Hotel Garni 3. Penzi\u00f3n","og_url":"https:\/\/www.milansladekmimefest.eu\/sk\/practical-info\/accomodation\/","og_site_name":"milansladekmimefest.eu","article_modified_time":"2025-05-25T10:22:20+00:00","twitter_card":"summary_large_image","twitter_misc":{"Predpokladan\u00fd \u010das \u010d\u00edtania":"2 min\u00faty"},"schema":{"@context":"https:\/\/schema.org","@graph":[{"@type":"WebPage","@id":"https:\/\/www.milansladekmimefest.eu\/sk\/practical-info\/accomodation\/","url":"https:\/\/www.milansladekmimefest.eu\/sk\/practical-info\/accomodation\/","name":"Ubytovanie - milansladekmimefest.eu","isPartOf":{"@id":"https:\/\/www.milansladekmimefest.eu\/sk\/#website"},"datePublished":"2025-01-20T09:42:06+00:00","dateModified":"2025-05-25T10:22:20+00:00","breadcrumb":{"@id":"https:\/\/www.milansladekmimefest.eu\/sk\/practical-info\/accomodation\/#breadcrumb"},"inLanguage":"sk-SK","potentialAction":[{"@type":"ReadAction","target":["https:\/\/www.milansladekmimefest.eu\/sk\/practical-info\/accomodation\/"]}]},{"@type":"BreadcrumbList","@id":"https:\/\/www.milansladekmimefest.eu\/sk\/practical-info\/accomodation\/#breadcrumb","itemListElement":[{"@type":"ListItem","position":1,"name":"Home","item":"https:\/\/www.milansladekmimefest.eu\/sk\/"},{"@type":"ListItem","position":2,"name":"Practick\u00e9 inform\u00e1cie","item":"https:\/\/www.milansladekmimefest.eu\/sk\/practical-info\/"},{"@type":"ListItem","position":3,"name":"Ubytovanie"}]},{"@type":"WebSite","@id":"https:\/\/www.milansladekmimefest.eu\/sk\/#website","url":"https:\/\/www.milansladekmimefest.eu\/sk\/","name":"milansladekmimefest.eu","description":"","potentialAction":[{"@type":"SearchAction","target":{"@type":"EntryPoint","urlTemplate":"https:\/\/www.milansladekmimefest.eu\/sk\/?s={search_term_string}"},"query-input":{"@type":"PropertyValueSpecification","valueRequired":true,"valueName":"search_term_string"}}],"inLanguage":"sk-SK"}]}},"_links":{"self":[{"href":"https:\/\/www.milansladekmimefest.eu\/sk\/wp-json\/wp\/v2\/pages\/30","targetHints":{"allow":["GET"]}}],"collection":[{"href":"https:\/\/www.milansladekmimefest.eu\/sk\/wp-json\/wp\/v2\/pages"}],"about":[{"href":"https:\/\/www.milansladekmimefest.eu\/sk\/wp-json\/wp\/v2\/types\/page"}],"author":[{"embeddable":true,"href":"https:\/\/www.milansladekmimefest.eu\/sk\/wp-json\/wp\/v2\/users\/1"}],"replies":[{"embeddable":true,"href":"https:\/\/www.milansladekmimefest.eu\/sk\/wp-json\/wp\/v2\/comments?post=30"}],"version-history":[{"count":3,"href":"https:\/\/www.milansladekmimefest.eu\/sk\/wp-json\/wp\/v2\/pages\/30\/revisions"}],"predecessor-version":[{"id":1108,"href":"https:\/\/www.milansladekmimefest.eu\/sk\/wp-json\/wp\/v2\/pages\/30\/revisions\/1108"}],"up":[{"embeddable":true,"href":"https:\/\/www.milansladekmimefest.eu\/sk\/wp-json\/wp\/v2\/pages\/22"}],"wp:attachment":[{"href":"https:\/\/www.milansladekmimefest.eu\/sk\/wp-json\/wp\/v2\/media?parent=30"}],"curies":[{"name":"wp","href":"https:\/\/api.w.org\/{rel}","templated":true}]}}