{"id":8,"date":"2025-01-20T10:31:50","date_gmt":"2025-01-20T09:31:50","guid":{"rendered":"https:\/\/www.milansladekmimefest.eu\/sk\/?page_id=8"},"modified":"2025-04-09T19:07:13","modified_gmt":"2025-04-09T17:07:13","slug":"milan-sladek","status":"publish","type":"page","link":"https:\/\/www.milansladekmimefest.eu\/sk\/milan-sladek\/","title":{"rendered":"Milan Sl\u00e1dek"},"content":{"rendered":"\n<div class=\"wp-block-media-text is-stacked-on-mobile\"><figure class=\"wp-block-media-text__media\"><img fetchpriority=\"high\" decoding=\"async\" width=\"714\" height=\"1024\" src=\"https:\/\/www.milansladekmimefest.eu\/sk\/wp-content\/uploads\/2025\/02\/Petra_W_Barathova_Milan_Sladek_2022-2-714x1024.jpg\" alt=\"\" class=\"wp-image-580 size-full\" srcset=\"https:\/\/www.milansladekmimefest.eu\/sk\/wp-content\/uploads\/2025\/02\/Petra_W_Barathova_Milan_Sladek_2022-2-714x1024.jpg 714w, https:\/\/www.milansladekmimefest.eu\/sk\/wp-content\/uploads\/2025\/02\/Petra_W_Barathova_Milan_Sladek_2022-2-209x300.jpg 209w, https:\/\/www.milansladekmimefest.eu\/sk\/wp-content\/uploads\/2025\/02\/Petra_W_Barathova_Milan_Sladek_2022-2-768x1101.jpg 768w, https:\/\/www.milansladekmimefest.eu\/sk\/wp-content\/uploads\/2025\/02\/Petra_W_Barathova_Milan_Sladek_2022-2-1072x1536.jpg 1072w, https:\/\/www.milansladekmimefest.eu\/sk\/wp-content\/uploads\/2025\/02\/Petra_W_Barathova_Milan_Sladek_2022-2-1000x1433.jpg 1000w, https:\/\/www.milansladekmimefest.eu\/sk\/wp-content\/uploads\/2025\/02\/Petra_W_Barathova_Milan_Sladek_2022-2-230x330.jpg 230w, https:\/\/www.milansladekmimefest.eu\/sk\/wp-content\/uploads\/2025\/02\/Petra_W_Barathova_Milan_Sladek_2022-2-350x502.jpg 350w, https:\/\/www.milansladekmimefest.eu\/sk\/wp-content\/uploads\/2025\/02\/Petra_W_Barathova_Milan_Sladek_2022-2-480x688.jpg 480w, https:\/\/www.milansladekmimefest.eu\/sk\/wp-content\/uploads\/2025\/02\/Petra_W_Barathova_Milan_Sladek_2022-2.jpg 1200w\" sizes=\"(max-width: 714px) 100vw, 714px\" \/><\/figure><div class=\"wp-block-media-text__content\">\n<p><strong>MILAN SL\u00c1DEK*23. Febru\u00e1r 1938, Stre\u017eenice  Slovensko, \u20204. Decembra 2024, Kol\u00edn nad R\u00fdnom Nemecko<br>M\u00edm, choreograf, re\u017eis\u00e9r a pedag\u00f3g<\/strong><\/p>\n\n\n\n<p class=\"has-white-color has-text-color has-link-color wp-elements-c6ad0ac9573586741e26d8c711d51c8d\">Milanovi Sl\u00e1dkovi ako prv\u00e9mu u\u010darovalo v\u00fdtvarn\u00e9 umenie. Nav\u0161tevoval ZU\u0160 v Bratislave so zameran\u00edm na rezb\u00e1rstvo, ktor\u00fa ukon\u010dil v roku 1957 maturitou. Po\u010das strednej \u0161koly sa za\u010dal zauj\u00edma\u0165 aj o divadlo. Svoje prv\u00e9 pantom\u00edmy uviedol v \u0161tudentskom divadle Univerzity J. A. Komensk\u00e9ho v Bratislave. Milan Sl\u00e1dek pokra\u010doval v \u0161t\u00fadiu na Divadelnej fakulte Vysokej \u0161koly m\u00fazick\u00fdch umen\u00ed v Bratislave v odbore herectvo. V roku 1958 uviedol svoju prv\u00fa inscen\u00e1ciu \u201eVe\u010der pantom\u00edmy\u201c v Bratislave. V nasleduj\u00facich rokoch sa stal \u017eiakom Emila Franti\u0161ka Buriana v Prahe, m\u00e1ga poetick\u00e9ho divadla a jedn\u00e9ho z najv\u00fdznamnej\u0161\u00edch zakladate\u013eov \u010deskej avantgardy. Tu z\u00edskal Sl\u00e1dek svoje prv\u00e9 profesion\u00e1lne anga\u017em\u00e1n. Milan Sl\u00e1dek zalo\u017eil svoj prv\u00fd s\u00fabor pantom\u00edmy s Eduardom \u017dl\u00e1bkom, s\u00f3lov\u00fdm tane\u010dn\u00edkom a choreografom Burianovho divadla \u201eD34\u201c. 10. marca 1960 mala premi\u00e9ru pantomimick\u00e1 kom\u00e9dia \u201eHr\u010da\u201c \/ \u201eThe Beule\u201c. Tu po prv\u00fd raz vst\u00fapila na sc\u00e9nu jeho fikt\u00edvna postava \u201eKefka\u201c, Sl\u00e1dkovo alter ego.<\/p>\n<\/div><\/div>\n\n\n\n<div class=\"wp-block-media-text has-media-on-the-right is-stacked-on-mobile\"><div class=\"wp-block-media-text__content\">\n<p class=\"has-white-color has-text-color has-link-color wp-elements-909cd825f156da6ddf87e7cf247ad1dc\">Sl\u00e1dkov poh\u013ead na m\u00edmske umenie sa v\u00fdrazne l\u00ed\u0161i od poh\u013eadu franc\u00fazskych m\u00edmov. U\u017e vo svojich prv\u00fdch pantomimick\u00fdch inscen\u00e1ci\u00e1ch kl\u00e1dol d\u00f4raz na spolupr\u00e1cu so svoj\u00edm s\u00faborom. T\u00e9my a v\u00fdrazov\u00e9 prostriedky, ktor\u00e9 si pre svoje inscen\u00e1cie vol\u00ed, ovplyv\u0148uj\u00fa jeho pantomimick\u00fd prejav a osobnostn\u00fd prejav \u2013 preto s\u00fa jeho diela in\u00e9 a jedine\u010dn\u00e9.<br>V roku 1962 sa Sl\u00e1dek so s\u00faborom vr\u00e1til do Bratislavy a stali sa samostatn\u00fdm s\u00faborom Slovensk\u00e9ho n\u00e1rodn\u00e9ho divadla. Milan Sl\u00e1dek dost\u00e1val so svoj\u00edm s\u00faborom r\u00f4zne pozvania do zahrani\u010dia a v nasleduj\u00facich rokoch sa stal pravideln\u00fdm hos\u0165om renomovan\u00fdch zahrani\u010dn\u00fdch festivalov. V roku 1968 Milan Sl\u00e1dek prevzal vedenie divadeln\u00e9ho \u0161t\u00fadia v Bratislave, v ktorom boli pod jednou strechou tri s\u00fabory &#8211; pantom\u00edma, kabaret a \u010dinohra. V tom istom roku sa za\u010dali s\u013eubn\u00e9 politick\u00e9 udalosti \u2013 takzvan\u00e1 \u201ePra\u017esk\u00e1 jar\u201c. 21. augusta 1968 vtrhli arm\u00e1dy piatich kraj\u00edn Var\u0161avskej zmluvy do \u010ceskoslovenska.<br>Milan Sl\u00e1dek opustil svoju krajinu v roku 1968 a s \u010das\u0165ou svojho s\u00faboru sa pres\u0165ahoval do \u0160v\u00e9dska a odtia\u013e do Spolkovej republiky Nemecko v roku 1970. Kol\u00edn nad R\u00fdnom sa tu st\u00e1va jeho druh\u00fdm domovom a nach\u00e1dza nov\u00fd priestor pre \u010fal\u0161\u00ed rozvoj svojej tvorby. Umenie m\u00edma nepozn\u00e1 jazykov\u00e9 bari\u00e9ry, a tak sa Milan Sl\u00e1dek r\u00fdchlo aklimatizoval v novom prostred\u00ed.<br>Jeho s\u00fabor bol jedn\u00fdm z najzn\u00e1mej\u0161\u00edch pantomimick\u00fdch s\u00faborov na svete.<\/p>\n<\/div><figure class=\"wp-block-media-text__media\"><img decoding=\"async\" width=\"714\" height=\"1024\" src=\"https:\/\/www.milansladekmimefest.eu\/sk\/wp-content\/uploads\/2025\/02\/Petra_W_Barathova_Milan_Sladek_2022-4-714x1024.jpg\" alt=\"\" class=\"wp-image-582 size-full\" srcset=\"https:\/\/www.milansladekmimefest.eu\/sk\/wp-content\/uploads\/2025\/02\/Petra_W_Barathova_Milan_Sladek_2022-4-714x1024.jpg 714w, https:\/\/www.milansladekmimefest.eu\/sk\/wp-content\/uploads\/2025\/02\/Petra_W_Barathova_Milan_Sladek_2022-4-209x300.jpg 209w, https:\/\/www.milansladekmimefest.eu\/sk\/wp-content\/uploads\/2025\/02\/Petra_W_Barathova_Milan_Sladek_2022-4-768x1101.jpg 768w, https:\/\/www.milansladekmimefest.eu\/sk\/wp-content\/uploads\/2025\/02\/Petra_W_Barathova_Milan_Sladek_2022-4-1072x1536.jpg 1072w, https:\/\/www.milansladekmimefest.eu\/sk\/wp-content\/uploads\/2025\/02\/Petra_W_Barathova_Milan_Sladek_2022-4-1000x1433.jpg 1000w, https:\/\/www.milansladekmimefest.eu\/sk\/wp-content\/uploads\/2025\/02\/Petra_W_Barathova_Milan_Sladek_2022-4-230x330.jpg 230w, https:\/\/www.milansladekmimefest.eu\/sk\/wp-content\/uploads\/2025\/02\/Petra_W_Barathova_Milan_Sladek_2022-4-350x502.jpg 350w, https:\/\/www.milansladekmimefest.eu\/sk\/wp-content\/uploads\/2025\/02\/Petra_W_Barathova_Milan_Sladek_2022-4-480x688.jpg 480w, https:\/\/www.milansladekmimefest.eu\/sk\/wp-content\/uploads\/2025\/02\/Petra_W_Barathova_Milan_Sladek_2022-4.jpg 1200w\" sizes=\"(max-width: 714px) 100vw, 714px\" \/><\/figure><\/div>\n\n\n\n<div class=\"wp-block-media-text is-stacked-on-mobile\"><figure class=\"wp-block-media-text__media\"><img decoding=\"async\" width=\"731\" height=\"1024\" src=\"https:\/\/www.milansladekmimefest.eu\/sk\/wp-content\/uploads\/2025\/02\/Petra_W_Barathova_Milan_Sladek_2022-5-731x1024.jpg\" alt=\"\" class=\"wp-image-583 size-full\" srcset=\"https:\/\/www.milansladekmimefest.eu\/sk\/wp-content\/uploads\/2025\/02\/Petra_W_Barathova_Milan_Sladek_2022-5-731x1024.jpg 731w, https:\/\/www.milansladekmimefest.eu\/sk\/wp-content\/uploads\/2025\/02\/Petra_W_Barathova_Milan_Sladek_2022-5-214x300.jpg 214w, https:\/\/www.milansladekmimefest.eu\/sk\/wp-content\/uploads\/2025\/02\/Petra_W_Barathova_Milan_Sladek_2022-5-768x1075.jpg 768w, https:\/\/www.milansladekmimefest.eu\/sk\/wp-content\/uploads\/2025\/02\/Petra_W_Barathova_Milan_Sladek_2022-5-1097x1536.jpg 1097w, https:\/\/www.milansladekmimefest.eu\/sk\/wp-content\/uploads\/2025\/02\/Petra_W_Barathova_Milan_Sladek_2022-5-1000x1400.jpg 1000w, https:\/\/www.milansladekmimefest.eu\/sk\/wp-content\/uploads\/2025\/02\/Petra_W_Barathova_Milan_Sladek_2022-5-230x322.jpg 230w, https:\/\/www.milansladekmimefest.eu\/sk\/wp-content\/uploads\/2025\/02\/Petra_W_Barathova_Milan_Sladek_2022-5-350x490.jpg 350w, https:\/\/www.milansladekmimefest.eu\/sk\/wp-content\/uploads\/2025\/02\/Petra_W_Barathova_Milan_Sladek_2022-5-480x672.jpg 480w, https:\/\/www.milansladekmimefest.eu\/sk\/wp-content\/uploads\/2025\/02\/Petra_W_Barathova_Milan_Sladek_2022-5.jpg 1200w\" sizes=\"(max-width: 731px) 100vw, 731px\" \/><\/figure><div class=\"wp-block-media-text__content\">\n<p class=\"has-white-color has-text-color has-link-color wp-elements-04e8e7673a49589bedf27c4853296a26\">V roku 1974 otvoril Milan Sl\u00e1dek v Kol\u00edne nad R\u00fdnom svoje \u201eDivadlo Kefka\u201c, divadlo, ktor\u00e9 bolo v tom \u010dase jedin\u00fdm st\u00e1lym pantomimick\u00fdm divadlom v z\u00e1padnej Eur\u00f3pe. O dva roky nesk\u00f4r sa z jeho iniciat\u00edvy a pod jeho umeleck\u00fdm veden\u00edm rozbehol medzin\u00e1rodn\u00fd festival pantom\u00edmy \u201eGaukler\u201c, ktor\u00fd v spolupr\u00e1ci a s finan\u010dnou a organiza\u010dnou podporou mesta Kol\u00edn nad R\u00fdnom patril medzi najlep\u0161ie svojho druhu na svete na dvan\u00e1s\u0165 rokov. Novin\u00e1ri hodnotili mesto Kol\u00edn nad R\u00fdnom ako \u201eMekku svetovej pantom\u00edmy\u201c. V intenz\u00edvnej spolupr\u00e1ci s Goetheho in\u0161tit\u00fatom, ktor\u00e1 trv\u00e1 u\u017e viac ako 25 rokov, nav\u0161t\u00edvil Milan Sl\u00e1dek a jeho s\u00fabor viac ako p\u00e4\u0165desiat kraj\u00edn sveta. Z\u00fa\u010dastnil sa nespo\u010detn\u00fdch festivalov po celom svete.<br>Vzdel\u00e1vacia pr\u00e1ca Milana Sl\u00e1dka nach\u00e1dzala podobu preva\u017ene v projektoch s ml\u00e1de\u017eou. Pravidelne viedol workshopy nielen vo svojom divadle, ale aj v mnoh\u00fdch r\u00f4znych krajin\u00e1ch sveta. V roku 1987 bol vymenovan\u00fd za profesora ved\u00faceho katedry pantom\u00edmy na Folkwang University of Music and Performing Arts v Essene. V rokoch 1979 a\u017e 2004 p\u00f4sobil ako u\u010dite\u013e v nemecko-franc\u00fazskej ml\u00e1de\u017en\u00edckej organiz\u00e1cii DFJW \/ Office franco-allemand pour la Jeunesse OFAJ, ktor\u00fa zalo\u017eili Charles de Gaulle a Konrad Adenauer. Po p\u00e1de komunistick\u00e9ho re\u017eimu sa Milan Sl\u00e1dek prv\u00fdkr\u00e1t vr\u00e1til do vlasti v roku 1989. V roku 1994 sa stal riadite\u013eom \u201eDivadla Ar\u00e9na\u201c v Bratislave. Inicioval obnovu historickej budovy ar\u00e9ny a do j\u00fana 2002 viedol novozalo\u017een\u00fd \u201eMedzin\u00e1rodn\u00fd in\u0161tit\u00fat pre fyzick\u00e9 divadlo\u201c. V roku 2002 Milan Sl\u00e1dek opustil Bratislavu a vr\u00e1til sa do Nemecka do Kol\u00edna nad R\u00fdnom, odkia\u013e sa popri vlastnej umeleckej tvorbe podie\u013eal na r\u00f4znych medzin\u00e1rodn\u00fdch projektoch. <br>V roku 2005 na\u0161tudoval v Tokiu \u201eOpera za tri gro\u0161e\u201c. V roku 2006 sa podie\u013eal na rekon\u0161trukcii premi\u00e9ry J.W. Mozartova pantom\u00edma \u201ePantalon and Columbine\u201c KV 446 pre Mozartov festival vo Viedni. V janu\u00e1ri 2016 Sl\u00e1dek predstavil svoju inscen\u00e1ciu \u201eAntigona\u201c pre UNESCO v Par\u00ed\u017ei. I\u0161lo o historicky prv\u00e9 pantomimick\u00e9 predstavenie v\u00f4bec v priestoroch tejto in\u0161tit\u00facie.<\/p>\n<\/div><\/div>\n\n\n\n<div class=\"wp-block-media-text has-media-on-the-right is-stacked-on-mobile\"><div class=\"wp-block-media-text__content\">\n<p>HLAVN\u00c9 CENY A OCENENIA<br><br>1963 &#8211; Cena Ministerstva kult\u00fary, Praha<br>1965 \u2013 Grand Prix de Nancy, divadeln\u00fd festival v Nancy<br>1967 \u2013 Prv\u00e1 cena za r\u00e9\u017eiu na Istanbulskom divadelnom festivale<br>1968 &#8211; Cena ministerstva kult\u00fary k 50. v\u00fdro\u010diu \u010ceskoslovenska<br>1968 &#8211; Cena Leopolda Danielsa, USA<br>1998 \u2013 Zlat\u00e1 bula mesta Bratislavy<br>2000 &#8211; Rad \u013dudov\u00edta \u0160t\u00fara, prepo\u017ei\u010danie \u0161t\u00e1tneho vyznamenania prezidentom SR Rudolfom Schusterom<br>2000 &#8211; Spolkov\u00fd kr\u00ed\u017e za z\u00e1sluhy 1. triedy, udelen\u00fd spolkov\u00fdm prezidentom Johannesom Rauom<br>2009 &#8211; Cena za celo\u017eivotn\u00e9 dielo, Festival Kremnick\u00e9 Gagy Slovensko<br>2016 &#8211; Eur\u00f3pska cena \u201eTrebbia Foundation\u201c, Praha<br>2017 &#8211; Udelenie umeleckej ceny Bauturm, mesto Kol\u00edn nad R\u00fdnom \u201eDivadlo v Bauturme\u201c<br>2018 &#8211; Strieborn\u00e1 medaila, v podan\u00ed rektora Akad\u00e9mie m\u00fazick\u00fdch umen\u00ed v Prahe<br>2019 &#8211; Doctor h.c, odovzdan\u00fd rektorom V\u0160MU v Bratislave<\/p>\n\n\n\n<p><\/p>\n\n\n\n<p><\/p>\n<\/div><figure class=\"wp-block-media-text__media\"><img loading=\"lazy\" decoding=\"async\" width=\"668\" height=\"1024\" src=\"https:\/\/www.milansladekmimefest.eu\/sk\/wp-content\/uploads\/2025\/02\/Petra_W_Barathova_Milan_Sladek_2022-1-668x1024.jpg\" alt=\"\" class=\"wp-image-579 size-full\" srcset=\"https:\/\/www.milansladekmimefest.eu\/sk\/wp-content\/uploads\/2025\/02\/Petra_W_Barathova_Milan_Sladek_2022-1-668x1024.jpg 668w, https:\/\/www.milansladekmimefest.eu\/sk\/wp-content\/uploads\/2025\/02\/Petra_W_Barathova_Milan_Sladek_2022-1-196x300.jpg 196w, https:\/\/www.milansladekmimefest.eu\/sk\/wp-content\/uploads\/2025\/02\/Petra_W_Barathova_Milan_Sladek_2022-1-768x1178.jpg 768w, https:\/\/www.milansladekmimefest.eu\/sk\/wp-content\/uploads\/2025\/02\/Petra_W_Barathova_Milan_Sladek_2022-1-1002x1536.jpg 1002w, https:\/\/www.milansladekmimefest.eu\/sk\/wp-content\/uploads\/2025\/02\/Petra_W_Barathova_Milan_Sladek_2022-1-1000x1533.jpg 1000w, https:\/\/www.milansladekmimefest.eu\/sk\/wp-content\/uploads\/2025\/02\/Petra_W_Barathova_Milan_Sladek_2022-1-230x353.jpg 230w, https:\/\/www.milansladekmimefest.eu\/sk\/wp-content\/uploads\/2025\/02\/Petra_W_Barathova_Milan_Sladek_2022-1-350x537.jpg 350w, https:\/\/www.milansladekmimefest.eu\/sk\/wp-content\/uploads\/2025\/02\/Petra_W_Barathova_Milan_Sladek_2022-1-480x736.jpg 480w, https:\/\/www.milansladekmimefest.eu\/sk\/wp-content\/uploads\/2025\/02\/Petra_W_Barathova_Milan_Sladek_2022-1.jpg 1200w\" sizes=\"(max-width: 668px) 100vw, 668px\" \/><\/figure><\/div>\n\n\n\n<p><\/p>\n","protected":false},"excerpt":{"rendered":"<p>MILAN SL\u00c1DEK*23. Febru\u00e1r 1938, Stre\u017eenice Slovensko, \u20204. Decembra 2024, Kol\u00edn nad R\u00fdnom NemeckoM\u00edm, choreograf, re\u017eis\u00e9r a pedag\u00f3g Milanovi Sl\u00e1dkovi ako prv\u00e9mu u\u010darovalo<\/p>\n","protected":false},"author":1,"featured_media":0,"parent":0,"menu_order":0,"comment_status":"closed","ping_status":"closed","template":"page-templates\/page_front-page.php","meta":{"_acf_changed":false,"_monsterinsights_skip_tracking":false,"_monsterinsights_sitenote_active":false,"_monsterinsights_sitenote_note":"","_monsterinsights_sitenote_category":0,"_uf_show_specific_survey":0,"_uf_disable_surveys":false,"two_page_speed":[],"footnotes":""},"class_list":["post-8","page","type-page","status-publish","hentry"],"acf":[],"yoast_head":"<!-- This site is optimized with the Yoast SEO plugin v24.2 - https:\/\/yoast.com\/wordpress\/plugins\/seo\/ -->\n<title>Milan Sl\u00e1dek - milansladekmimefest.eu<\/title>\n<meta name=\"robots\" content=\"index, follow, max-snippet:-1, max-image-preview:large, max-video-preview:-1\" \/>\n<link rel=\"canonical\" href=\"https:\/\/www.milansladekmimefest.eu\/sk\/milan-sladek\/\" \/>\n<meta property=\"og:locale\" content=\"sk_SK\" \/>\n<meta property=\"og:type\" content=\"article\" \/>\n<meta property=\"og:title\" content=\"Milan Sl\u00e1dek - milansladekmimefest.eu\" \/>\n<meta property=\"og:description\" content=\"MILAN SL\u00c1DEK*23. Febru\u00e1r 1938, Stre\u017eenice Slovensko, \u20204. Decembra 2024, Kol\u00edn nad R\u00fdnom NemeckoM\u00edm, choreograf, re\u017eis\u00e9r a pedag\u00f3g Milanovi Sl\u00e1dkovi ako prv\u00e9mu u\u010darovalo\" \/>\n<meta property=\"og:url\" content=\"https:\/\/www.milansladekmimefest.eu\/sk\/milan-sladek\/\" \/>\n<meta property=\"og:site_name\" content=\"milansladekmimefest.eu\" \/>\n<meta property=\"article:modified_time\" content=\"2025-04-09T17:07:13+00:00\" \/>\n<meta property=\"og:image\" content=\"https:\/\/www.milansladekmimefest.eu\/sk\/wp-content\/uploads\/2025\/02\/Petra_W_Barathova_Milan_Sladek_2022-2.jpg\" \/>\n\t<meta property=\"og:image:width\" content=\"1200\" \/>\n\t<meta property=\"og:image:height\" content=\"1720\" \/>\n\t<meta property=\"og:image:type\" content=\"image\/jpeg\" \/>\n<meta name=\"twitter:card\" content=\"summary_large_image\" \/>\n<meta name=\"twitter:label1\" content=\"Predpokladan\u00fd \u010das \u010d\u00edtania\" \/>\n\t<meta name=\"twitter:data1\" content=\"6 min\u00fat\" \/>\n<script type=\"application\/ld+json\" class=\"yoast-schema-graph\">{\"@context\":\"https:\/\/schema.org\",\"@graph\":[{\"@type\":\"WebPage\",\"@id\":\"https:\/\/www.milansladekmimefest.eu\/sk\/milan-sladek\/\",\"url\":\"https:\/\/www.milansladekmimefest.eu\/sk\/milan-sladek\/\",\"name\":\"Milan Sl\u00e1dek - milansladekmimefest.eu\",\"isPartOf\":{\"@id\":\"https:\/\/www.milansladekmimefest.eu\/sk\/#website\"},\"primaryImageOfPage\":{\"@id\":\"https:\/\/www.milansladekmimefest.eu\/sk\/milan-sladek\/#primaryimage\"},\"image\":{\"@id\":\"https:\/\/www.milansladekmimefest.eu\/sk\/milan-sladek\/#primaryimage\"},\"thumbnailUrl\":\"https:\/\/www.milansladekmimefest.eu\/sk\/wp-content\/uploads\/2025\/02\/Petra_W_Barathova_Milan_Sladek_2022-2-714x1024.jpg\",\"datePublished\":\"2025-01-20T09:31:50+00:00\",\"dateModified\":\"2025-04-09T17:07:13+00:00\",\"breadcrumb\":{\"@id\":\"https:\/\/www.milansladekmimefest.eu\/sk\/milan-sladek\/#breadcrumb\"},\"inLanguage\":\"sk-SK\",\"potentialAction\":[{\"@type\":\"ReadAction\",\"target\":[\"https:\/\/www.milansladekmimefest.eu\/sk\/milan-sladek\/\"]}]},{\"@type\":\"ImageObject\",\"inLanguage\":\"sk-SK\",\"@id\":\"https:\/\/www.milansladekmimefest.eu\/sk\/milan-sladek\/#primaryimage\",\"url\":\"https:\/\/www.milansladekmimefest.eu\/sk\/wp-content\/uploads\/2025\/02\/Petra_W_Barathova_Milan_Sladek_2022-2.jpg\",\"contentUrl\":\"https:\/\/www.milansladekmimefest.eu\/sk\/wp-content\/uploads\/2025\/02\/Petra_W_Barathova_Milan_Sladek_2022-2.jpg\",\"width\":1200,\"height\":1720},{\"@type\":\"BreadcrumbList\",\"@id\":\"https:\/\/www.milansladekmimefest.eu\/sk\/milan-sladek\/#breadcrumb\",\"itemListElement\":[{\"@type\":\"ListItem\",\"position\":1,\"name\":\"Home\",\"item\":\"https:\/\/www.milansladekmimefest.eu\/sk\/\"},{\"@type\":\"ListItem\",\"position\":2,\"name\":\"Milan Sl\u00e1dek\"}]},{\"@type\":\"WebSite\",\"@id\":\"https:\/\/www.milansladekmimefest.eu\/sk\/#website\",\"url\":\"https:\/\/www.milansladekmimefest.eu\/sk\/\",\"name\":\"milansladekmimefest.eu\",\"description\":\"\",\"potentialAction\":[{\"@type\":\"SearchAction\",\"target\":{\"@type\":\"EntryPoint\",\"urlTemplate\":\"https:\/\/www.milansladekmimefest.eu\/sk\/?s={search_term_string}\"},\"query-input\":{\"@type\":\"PropertyValueSpecification\",\"valueRequired\":true,\"valueName\":\"search_term_string\"}}],\"inLanguage\":\"sk-SK\"}]}<\/script>\n<!-- \/ Yoast SEO plugin. -->","yoast_head_json":{"title":"Milan Sl\u00e1dek - milansladekmimefest.eu","robots":{"index":"index","follow":"follow","max-snippet":"max-snippet:-1","max-image-preview":"max-image-preview:large","max-video-preview":"max-video-preview:-1"},"canonical":"https:\/\/www.milansladekmimefest.eu\/sk\/milan-sladek\/","og_locale":"sk_SK","og_type":"article","og_title":"Milan Sl\u00e1dek - milansladekmimefest.eu","og_description":"MILAN SL\u00c1DEK*23. Febru\u00e1r 1938, Stre\u017eenice Slovensko, \u20204. Decembra 2024, Kol\u00edn nad R\u00fdnom NemeckoM\u00edm, choreograf, re\u017eis\u00e9r a pedag\u00f3g Milanovi Sl\u00e1dkovi ako prv\u00e9mu u\u010darovalo","og_url":"https:\/\/www.milansladekmimefest.eu\/sk\/milan-sladek\/","og_site_name":"milansladekmimefest.eu","article_modified_time":"2025-04-09T17:07:13+00:00","og_image":[{"width":1200,"height":1720,"url":"https:\/\/www.milansladekmimefest.eu\/sk\/wp-content\/uploads\/2025\/02\/Petra_W_Barathova_Milan_Sladek_2022-2.jpg","type":"image\/jpeg"}],"twitter_card":"summary_large_image","twitter_misc":{"Predpokladan\u00fd \u010das \u010d\u00edtania":"6 min\u00fat"},"schema":{"@context":"https:\/\/schema.org","@graph":[{"@type":"WebPage","@id":"https:\/\/www.milansladekmimefest.eu\/sk\/milan-sladek\/","url":"https:\/\/www.milansladekmimefest.eu\/sk\/milan-sladek\/","name":"Milan Sl\u00e1dek - milansladekmimefest.eu","isPartOf":{"@id":"https:\/\/www.milansladekmimefest.eu\/sk\/#website"},"primaryImageOfPage":{"@id":"https:\/\/www.milansladekmimefest.eu\/sk\/milan-sladek\/#primaryimage"},"image":{"@id":"https:\/\/www.milansladekmimefest.eu\/sk\/milan-sladek\/#primaryimage"},"thumbnailUrl":"https:\/\/www.milansladekmimefest.eu\/sk\/wp-content\/uploads\/2025\/02\/Petra_W_Barathova_Milan_Sladek_2022-2-714x1024.jpg","datePublished":"2025-01-20T09:31:50+00:00","dateModified":"2025-04-09T17:07:13+00:00","breadcrumb":{"@id":"https:\/\/www.milansladekmimefest.eu\/sk\/milan-sladek\/#breadcrumb"},"inLanguage":"sk-SK","potentialAction":[{"@type":"ReadAction","target":["https:\/\/www.milansladekmimefest.eu\/sk\/milan-sladek\/"]}]},{"@type":"ImageObject","inLanguage":"sk-SK","@id":"https:\/\/www.milansladekmimefest.eu\/sk\/milan-sladek\/#primaryimage","url":"https:\/\/www.milansladekmimefest.eu\/sk\/wp-content\/uploads\/2025\/02\/Petra_W_Barathova_Milan_Sladek_2022-2.jpg","contentUrl":"https:\/\/www.milansladekmimefest.eu\/sk\/wp-content\/uploads\/2025\/02\/Petra_W_Barathova_Milan_Sladek_2022-2.jpg","width":1200,"height":1720},{"@type":"BreadcrumbList","@id":"https:\/\/www.milansladekmimefest.eu\/sk\/milan-sladek\/#breadcrumb","itemListElement":[{"@type":"ListItem","position":1,"name":"Home","item":"https:\/\/www.milansladekmimefest.eu\/sk\/"},{"@type":"ListItem","position":2,"name":"Milan Sl\u00e1dek"}]},{"@type":"WebSite","@id":"https:\/\/www.milansladekmimefest.eu\/sk\/#website","url":"https:\/\/www.milansladekmimefest.eu\/sk\/","name":"milansladekmimefest.eu","description":"","potentialAction":[{"@type":"SearchAction","target":{"@type":"EntryPoint","urlTemplate":"https:\/\/www.milansladekmimefest.eu\/sk\/?s={search_term_string}"},"query-input":{"@type":"PropertyValueSpecification","valueRequired":true,"valueName":"search_term_string"}}],"inLanguage":"sk-SK"}]}},"_links":{"self":[{"href":"https:\/\/www.milansladekmimefest.eu\/sk\/wp-json\/wp\/v2\/pages\/8","targetHints":{"allow":["GET"]}}],"collection":[{"href":"https:\/\/www.milansladekmimefest.eu\/sk\/wp-json\/wp\/v2\/pages"}],"about":[{"href":"https:\/\/www.milansladekmimefest.eu\/sk\/wp-json\/wp\/v2\/types\/page"}],"author":[{"embeddable":true,"href":"https:\/\/www.milansladekmimefest.eu\/sk\/wp-json\/wp\/v2\/users\/1"}],"replies":[{"embeddable":true,"href":"https:\/\/www.milansladekmimefest.eu\/sk\/wp-json\/wp\/v2\/comments?post=8"}],"version-history":[{"count":7,"href":"https:\/\/www.milansladekmimefest.eu\/sk\/wp-json\/wp\/v2\/pages\/8\/revisions"}],"predecessor-version":[{"id":1067,"href":"https:\/\/www.milansladekmimefest.eu\/sk\/wp-json\/wp\/v2\/pages\/8\/revisions\/1067"}],"wp:attachment":[{"href":"https:\/\/www.milansladekmimefest.eu\/sk\/wp-json\/wp\/v2\/media?parent=8"}],"curies":[{"name":"wp","href":"https:\/\/api.w.org\/{rel}","templated":true}]}}